{"id":16677,"date":"2024-10-25T11:14:50","date_gmt":"2024-10-25T10:14:50","guid":{"rendered":"https:\/\/yaqoutebio.com\/acerca-de-nosotros\/"},"modified":"2026-02-15T19:36:04","modified_gmt":"2026-02-15T19:36:04","slug":"acerca-de-nosotros","status":"publish","type":"page","link":"https:\/\/yaqoutebio.com\/es\/acerca-de-nosotros\/","title":{"rendered":"Acerca de nosotros"},"content":{"rendered":"\t\t<div data-elementor-type=\"wp-page\" data-elementor-id=\"16677\" class=\"elementor elementor-16677 elementor-171\">\n\t\t\t\t<div class=\"wd-negative-gap elementor-element elementor-element-e0982c1 wd-section-stretch color-scheme-light e-flex e-con-boxed e-con e-parent\" data-id=\"e0982c1\" data-element_type=\"container\" data-e-type=\"container\" data-settings=\"{&quot;background_background&quot;:&quot;classic&quot;}\">\n\t\t\t\t\t<div class=\"e-con-inner\">\n\t\t\t\t<div class=\"elementor-element elementor-element-ddf64ce wd-width-100 elementor-widget elementor-widget-wd_title\" data-id=\"ddf64ce\" data-element_type=\"widget\" data-e-type=\"widget\" data-widget_type=\"wd_title.default\">\n\t\t\t\t<div class=\"elementor-widget-container\">\n\t\t\t\t\t\t\t<div class=\"title-wrapper wd-set-mb reset-last-child wd-title-color-default wd-title-style-default wd-title-size-default text-left\">\n\n\t\t\t\n\t\t\t<div class=\"liner-continer\">\n\t\t\t\t<h4 class=\"woodmart-title-container title wd-fontsize-l\">La esencia de la belleza natural, al alcance de su mano.<\/h4> \n\t\t\t\t\t\t\t<\/div>\n\n\t\t\t\t\t<\/div>\n\t\t\t\t\t\t<\/div>\n\t\t\t\t<\/div>\n\t\t\t\t<div class=\"elementor-element elementor-element-31f1d95 elementor-widget elementor-widget-wd_text_block\" data-id=\"31f1d95\" data-element_type=\"widget\" data-e-type=\"widget\" data-widget_type=\"wd_text_block.default\">\n\t\t\t\t<div class=\"elementor-widget-container\">\n\t\t\t\t\t\t\t<div class=\"wd-text-block reset-last-child text-left color-primary\">\n\t\t\t\n\t\t\t<p>Yaqoute Bio simplifica su acceso a los cuidados aut\u00e9nticos. Est\u00e9 donde est\u00e9 en el mundo, creemos que merece la excelencia del aceite de arg\u00e1n puro y la riqueza del terru\u00f1o marroqu\u00ed. <\/p>\n\t\t\t\t\t<\/div>\n\t\t\t\t\t\t<\/div>\n\t\t\t\t<\/div>\n\t\t\t\t<div class=\"elementor-element elementor-element-ba24215 wd-width-100 elementor-widget elementor-widget-wd_images_gallery\" data-id=\"ba24215\" data-element_type=\"widget\" data-e-type=\"widget\" data-widget_type=\"wd_images_gallery.default\">\n\t\t\t\t<div class=\"elementor-widget-container\">\n\t\t\t\t\t\t\t<div class=\"wd-images-gallery wd-carousel-container wd-carousel-dis-mb wd-off-md wd-off-sm\" style=\"--wd-align-items:center; --wd-justify-content:center;\">\n\t\t\t\t\t\t\t<div class=\"wd-carousel-inner\">\n\t\t\t\t\t\t<div class=\"wd-carousel wd-grid\" data-scroll_per_page=\"yes\" style=\"--wd-col-lg:3.5;--wd-col-md:3;--wd-col-sm:1;--wd-gap-lg:20px;--wd-gap-sm:10px;--wd-carousel-overflow: visible\">\n\t\t\t\t\t\t\t\t\t<div class=\"wd-carousel-wrap\">\n\t\t\t\t\t\t\t\t\t\t\t\t\t\t\t\t\t\t\t\t\t\t\t\t\t\t\t\t\t\t\t\t\t\t\t\t\t\t\t\t\t\t\t\t<\/div>\n\t\t\t\t\t\t\t\t<\/div>\n\t\t\t\t\t\t\t\t\t\t\t\t\t\t<div class=\"wd-nav-arrows wd-pos-sep wd-hover-1 wd-icon-1\">\n\t\t\t<div class=\"wd-btn-arrow wd-prev wd-disabled\">\n\t\t\t\t<div class=\"wd-arrow-inner\"><\/div>\n\t\t\t<\/div>\n\t\t\t<div class=\"wd-btn-arrow wd-next\">\n\t\t\t\t<div class=\"wd-arrow-inner\"><\/div>\n\t\t\t<\/div>\n\t\t<\/div>\n\t\t\t\t\t\t\n\t\t\t\t<\/div>\n\n\t\t\t\t\t\t\t\t\t\t\t\t\t<\/div>\n\t\t\t\t\t\t<\/div>\n\t\t\t\t<\/div>\n\t\t\t\t\t<\/div>\n\t\t\t\t<\/div>\n\t\t<div class=\"wd-negative-gap elementor-element elementor-element-b5c72e1 e-flex e-con-boxed e-con e-parent\" data-id=\"b5c72e1\" data-element_type=\"container\" data-e-type=\"container\" data-settings=\"{&quot;background_background&quot;:&quot;classic&quot;}\">\n\t\t\t\t\t<div class=\"e-con-inner\">\n\t\t<div class=\"elementor-element elementor-element-2bf9e11 wd-collapsible-content e-con-full e-flex e-con e-child\" data-id=\"2bf9e11\" data-element_type=\"container\" data-e-type=\"container\">\n\t\t\t\t<div class=\"elementor-element elementor-element-5472f22 wd-width-100 elementor-widget elementor-widget-wd_title\" data-id=\"5472f22\" data-element_type=\"widget\" data-e-type=\"widget\" data-widget_type=\"wd_title.default\">\n\t\t\t\t<div class=\"elementor-widget-container\">\n\t\t\t\t\t\t\t<div class=\"title-wrapper wd-set-mb reset-last-child wd-title-color-default wd-title-style-shadow wd-title-size-default text-left\">\n\n\t\t\t\n\t\t\t<div class=\"liner-continer\">\n\t\t\t\t<h4 class=\"woodmart-title-container title wd-fontsize-l\">El compromiso de Yaqoute Bio<\/h4> \n\t\t\t\t\t\t\t<\/div>\n\n\t\t\t\t\t<\/div>\n\t\t\t\t\t\t<\/div>\n\t\t\t\t<\/div>\n\t\t\t\t<div class=\"elementor-element elementor-element-5dcf304 elementor-widget elementor-widget-wd_text_block\" data-id=\"5dcf304\" data-element_type=\"widget\" data-e-type=\"widget\" data-widget_type=\"wd_text_block.default\">\n\t\t\t\t<div class=\"elementor-widget-container\">\n\t\t\t\t\t\t\t<div class=\"wd-text-block reset-last-child text-left\">\n\t\t\t\n\t\t\t<p data-path-to-node=\"3\">Anclada en el coraz\u00f3n del terru\u00f1o marroqu\u00ed, la Cooperativa Yaqoute Bio transforma el tesoro del arg\u00e1n en cuidados de excepci\u00f3n. Nuestro enfoque es simple: valorizar un saber hacer aut\u00e9ntico respetando al mismo tiempo normas de calidad modernas y rigurosas. <\/p><p data-path-to-node=\"4\">Desde la selecci\u00f3n minuciosa de las nueces hasta la presi\u00f3n en fr\u00edo, cada etapa se controla para garantizar un aceite virgen, 100% puro y rico en activos. Rechazamos los compromisos: ning\u00fan aditivo, ninguna mezcla, solo la naturaleza en estado bruto para su piel y su cabello. <\/p><p data-path-to-node=\"5\">Al elegir Yaqoute Bio, hace m\u00e1s que comprar un producto de belleza. Apoya una econom\u00eda local sostenible y opta por una transparencia total, desde el \u00e1rbol hasta el frasco. <\/p>\n\t\t\t\t\t<\/div>\n\t\t\t\t\t\t<\/div>\n\t\t\t\t<\/div>\n\t\t\t\t<div class=\"elementor-element elementor-element-f3964ef elementor-widget elementor-widget-wd_button\" data-id=\"f3964ef\" data-element_type=\"widget\" data-e-type=\"widget\" data-widget_type=\"wd_button.default\">\n\t\t\t\t<div class=\"elementor-widget-container\">\n\t\t\t\t\t\t\t<div class=\"wd-button-wrapper text-center wd-collapsible-button\" >\n\t\t\t<a class=\"btn btn-style-default btn-shape-round btn-size-default btn-color-primary btn-icon-pos-right\"  href=\"#\">\n\t\t\t\t<span class=\"wd-btn-text\" data-elementor-setting-key=\"text\">\n\t\t\t\t\tLeer m\u00e1s\t\t\t\t<\/span>\n\n\t\t\t\t\t\t\t<\/a>\n\t\t<\/div>\n\t\t\t\t\t\t<\/div>\n\t\t\t\t<\/div>\n\t\t\t\t<\/div>\n\t\t\t\t<div class=\"elementor-element elementor-element-6ae4cf8 wd-width-100 elementor-widget elementor-widget-wd_title\" data-id=\"6ae4cf8\" data-element_type=\"widget\" data-e-type=\"widget\" data-widget_type=\"wd_title.default\">\n\t\t\t\t<div class=\"elementor-widget-container\">\n\t\t\t\t\t\t\t<div class=\"title-wrapper wd-set-mb reset-last-child wd-title-color-default wd-title-style-default wd-title-size-default text-center\">\n\n\t\t\t\n\t\t\t<div class=\"liner-continer\">\n\t\t\t\t<h4 class=\"woodmart-title-container title wd-fontsize-l\">Certificaciones<\/h4> \n\t\t\t\t\t\t\t<\/div>\n\n\t\t\t\t\t<\/div>\n\t\t\t\t\t\t<\/div>\n\t\t\t\t<\/div>\n\t\t\t\t<div class=\"elementor-element elementor-element-73cdcb9 elementor-widget elementor-widget-wd_marquee\" data-id=\"73cdcb9\" data-element_type=\"widget\" data-e-type=\"widget\" data-widget_type=\"wd_marquee.default\">\n\t\t\t\t<div class=\"elementor-widget-container\">\n\t\t\t\t\t\t\t<div class=\"wd-marquee wd-with-pause\">\n\t\t\t<div class=\"wd-marquee-content\">\n\t\t\t\t\t\t\t<span class=\"wd-marquee-item\">\n\t\t\t\t<img loading=\"lazy\" decoding=\"async\" width=\"300\" height=\"127\" src=\"https:\/\/yaqoutebio.com\/wp-content\/uploads\/2025\/12\/onssa-logo.png\" class=\"attachment-medium size-medium\" alt=\"|\" srcset=\"https:\/\/yaqoutebio.com\/wp-content\/uploads\/2025\/12\/onssa-logo.png 300w, https:\/\/yaqoutebio.com\/wp-content\/uploads\/2025\/12\/onssa-logo-150x64.png 150w\" sizes=\"auto, (max-width: 300px) 100vw, 300px\">\n\t\t\t\t\n\t\t\t\t\t\t\t<\/span>\n\t\t\t\t\t\t<span class=\"wd-marquee-item\">\n\t\t\t\t<img loading=\"lazy\" decoding=\"async\" width=\"300\" height=\"127\" src=\"https:\/\/yaqoutebio.com\/wp-content\/uploads\/2025\/12\/usda-logo2_300x127.png\" class=\"attachment-medium size-medium\" alt=\"|\" srcset=\"https:\/\/yaqoutebio.com\/wp-content\/uploads\/2025\/12\/usda-logo2_300x127.png 300w, https:\/\/yaqoutebio.com\/wp-content\/uploads\/2025\/12\/usda-logo2_300x127-150x64.png 150w\" sizes=\"auto, (max-width: 300px) 100vw, 300px\">\n\t\t\t\t\n\t\t\t\t\t\t\t<\/span>\n\t\t\t\t\t\t<span class=\"wd-marquee-item\">\n\t\t\t\t<img loading=\"lazy\" decoding=\"async\" width=\"300\" height=\"127\" src=\"https:\/\/yaqoutebio.com\/wp-content\/uploads\/2025\/12\/ecocert-logo-300x127-1.png\" class=\"attachment-medium size-medium\" alt=\"|\" srcset=\"https:\/\/yaqoutebio.com\/wp-content\/uploads\/2025\/12\/ecocert-logo-300x127-1.png 300w, https:\/\/yaqoutebio.com\/wp-content\/uploads\/2025\/12\/ecocert-logo-300x127-1-150x64.png 150w\" sizes=\"auto, (max-width: 300px) 100vw, 300px\">\n\t\t\t\t\n\t\t\t\t\t\t\t<\/span>\n\t\t\t\t\t\t<\/div>\n\t\t\t<div class=\"wd-marquee-content\">\n\t\t\t\t\t\t\t<span class=\"wd-marquee-item\">\n\t\t\t\t<img loading=\"lazy\" decoding=\"async\" width=\"300\" height=\"127\" src=\"https:\/\/yaqoutebio.com\/wp-content\/uploads\/2025\/12\/onssa-logo.png\" class=\"attachment-medium size-medium\" alt=\"|\" srcset=\"https:\/\/yaqoutebio.com\/wp-content\/uploads\/2025\/12\/onssa-logo.png 300w, https:\/\/yaqoutebio.com\/wp-content\/uploads\/2025\/12\/onssa-logo-150x64.png 150w\" sizes=\"auto, (max-width: 300px) 100vw, 300px\">\n\t\t\t\t\n\t\t\t\t\t\t\t<\/span>\n\t\t\t\t\t\t<span class=\"wd-marquee-item\">\n\t\t\t\t<img loading=\"lazy\" decoding=\"async\" width=\"300\" height=\"127\" src=\"https:\/\/yaqoutebio.com\/wp-content\/uploads\/2025\/12\/usda-logo2_300x127.png\" class=\"attachment-medium size-medium\" alt=\"|\" srcset=\"https:\/\/yaqoutebio.com\/wp-content\/uploads\/2025\/12\/usda-logo2_300x127.png 300w, https:\/\/yaqoutebio.com\/wp-content\/uploads\/2025\/12\/usda-logo2_300x127-150x64.png 150w\" sizes=\"auto, (max-width: 300px) 100vw, 300px\">\n\t\t\t\t\n\t\t\t\t\t\t\t<\/span>\n\t\t\t\t\t\t<span class=\"wd-marquee-item\">\n\t\t\t\t<img loading=\"lazy\" decoding=\"async\" width=\"300\" height=\"127\" src=\"https:\/\/yaqoutebio.com\/wp-content\/uploads\/2025\/12\/ecocert-logo-300x127-1.png\" class=\"attachment-medium size-medium\" alt=\"|\" srcset=\"https:\/\/yaqoutebio.com\/wp-content\/uploads\/2025\/12\/ecocert-logo-300x127-1.png 300w, https:\/\/yaqoutebio.com\/wp-content\/uploads\/2025\/12\/ecocert-logo-300x127-1-150x64.png 150w\" sizes=\"auto, (max-width: 300px) 100vw, 300px\">\n\t\t\t\t\n\t\t\t\t\t\t\t<\/span>\n\t\t\t\t\t\t<\/div>\n\t\t<\/div>\n\t\t\t\t\t\t<\/div>\n\t\t\t\t<\/div>\n\t\t\t\t\t<\/div>\n\t\t\t\t<\/div>\n\t\t<div class=\"wd-negative-gap elementor-element elementor-element-2a484a6 e-flex e-con-boxed e-con e-parent\" data-id=\"2a484a6\" data-element_type=\"container\" data-e-type=\"container\">\n\t\t\t\t\t<div class=\"e-con-inner\">\n\t\t<div class=\"elementor-element elementor-element-3f43773 e-con-full color-scheme-light e-flex e-con e-child\" data-id=\"3f43773\" data-element_type=\"container\" data-e-type=\"container\" data-settings=\"{&quot;background_background&quot;:&quot;classic&quot;}\">\n\t\t\t\t<div class=\"elementor-element elementor-element-058753b wd-width-100 elementor-widget elementor-widget-wd_title\" data-id=\"058753b\" data-element_type=\"widget\" data-e-type=\"widget\" data-widget_type=\"wd_title.default\">\n\t\t\t\t<div class=\"elementor-widget-container\">\n\t\t\t\t\t\t\t<div class=\"title-wrapper wd-set-mb reset-last-child wd-title-color-default wd-title-style-default wd-title-size-default text-center\">\n\n\t\t\t\t\t\t\t\t\t\t\t<div class=\"title-subtitle subtitle-color-default subtitle-style-default wd-fontsize-xs\">\n\t\t\t\t\tColecciones de cosm\u00e9ticos\t\t\t\t<\/div>\n\t\t\t\n\t\t\t<div class=\"liner-continer\">\n\t\t\t\t<h4 class=\"woodmart-title-container title wd-fontsize-l\">C\u00f3mo empezamos nuestro negocio<\/h4> \n\t\t\t\t\t\t\t<\/div>\n\n\t\t\t\t\t<\/div>\n\t\t\t\t\t\t<\/div>\n\t\t\t\t<\/div>\n\t\t\t\t<\/div>\n\t\t<div class=\"elementor-element elementor-element-24ea206 e-con-full color-scheme-light e-flex e-con e-child\" data-id=\"24ea206\" data-element_type=\"container\" data-e-type=\"container\" data-settings=\"{&quot;background_background&quot;:&quot;classic&quot;}\">\n\t\t<div class=\"elementor-element elementor-element-7fc94d0 e-con-full e-flex e-con e-child\" data-id=\"7fc94d0\" data-element_type=\"container\" data-e-type=\"container\">\n\t\t\t\t<div class=\"elementor-element elementor-element-1aa9f8f wd-width-100 elementor-widget elementor-widget-wd_title\" data-id=\"1aa9f8f\" data-element_type=\"widget\" data-e-type=\"widget\" data-widget_type=\"wd_title.default\">\n\t\t\t\t<div class=\"elementor-widget-container\">\n\t\t\t\t\t\t\t<div class=\"title-wrapper wd-set-mb reset-last-child wd-title-color-default wd-title-style-default wd-title-size-default text-left\">\n\n\t\t\t\n\t\t\t<div class=\"liner-continer\">\n\t\t\t\t<h4 class=\"woodmart-title-container title wd-fontsize-l wd-underline-colored\">Convi\u00e9rtase en nuestro socio<\/h4> \n\t\t\t\t\t\t\t<\/div>\n\n\t\t\t\t\t<\/div>\n\t\t\t\t\t\t<\/div>\n\t\t\t\t<\/div>\n\t\t\t\t<div class=\"elementor-element elementor-element-5963db3 elementor-widget elementor-widget-wd_text_block\" data-id=\"5963db3\" data-element_type=\"widget\" data-e-type=\"widget\" data-widget_type=\"wd_text_block.default\">\n\t\t\t\t<div class=\"elementor-widget-container\">\n\t\t\t\t\t\t\t<div class=\"wd-text-block reset-last-child text-left color-primary\">\n\t\t\t\n\t\t\t<div class=\"info-box-inner reset-last-child\" data-elementor-setting-key=\"content\"><p data-start=\"1901\" data-end=\"1964\">Acompa\u00f1amos los pedidos B2B con:<\/p><ul data-start=\"1965\" data-end=\"2216\"><li data-start=\"1965\" data-end=\"2008\"><p data-start=\"1967\" data-end=\"2008\">Acondicionamiento <strong data-start=\"1967\" data-end=\"1983\">listo para la venta<\/strong> y a <strong data-start=\"1988\" data-end=\"1996\">granel<\/strong><\/p><\/li><li data-start=\"2009\" data-end=\"2052\"><p data-start=\"2011\" data-end=\"2052\">Opciones de <strong data-start=\"2011\" data-end=\"2042\">marca privada \/ marca blanca<\/strong><\/p><\/li><li data-start=\"2053\" data-end=\"2113\"><p data-start=\"2055\" data-end=\"2113\">Documentaci\u00f3n completa de <strong data-start=\"2060\" data-end=\"2086\">calidad y trazabilidad<\/strong> (certificados, COA)<\/p><\/li><li data-start=\"2114\" data-end=\"2172\"><p data-start=\"2116\" data-end=\"2172\">Acompa\u00f1amiento en <strong data-start=\"2116\" data-end=\"2136\">log\u00edstica de exportaci\u00f3n<\/strong> (Incoterms, documentos aduaneros)<\/p><\/li><li data-start=\"2173\" data-end=\"2216\"><p data-start=\"2175\" data-end=\"2216\">Plazos de entrega fiables y comunicaci\u00f3n clara<\/p><\/li><\/ul><\/div>\n\t\t\t\t\t<\/div>\n\t\t\t\t\t\t<\/div>\n\t\t\t\t<\/div>\n\t\t\t\t<\/div>\n\t\t\t\t<div class=\"elementor-element elementor-element-d79ce9b elementor-widget__width-initial elementor-widget-mobile__width-inherit elementor-widget elementor-widget-wd_image_or_svg\" data-id=\"d79ce9b\" data-element_type=\"widget\" data-e-type=\"widget\" data-widget_type=\"wd_image_or_svg.default\">\n\t\t\t\t<div class=\"elementor-widget-container\">\n\t\t\t\t\t\n\t\t<div class=\"wd-image text-left\">\n\t\t\t\t\t\t\t\t<img loading=\"lazy\" decoding=\"async\" width=\"320\" height=\"340\" src=\"https:\/\/yaqoutebio.com\/wp-content\/uploads\/2024\/10\/c2-abus-memb-club.jpg\" class=\"attachment-full size-full\" alt=\"|\" srcset=\"https:\/\/yaqoutebio.com\/wp-content\/uploads\/2024\/10\/c2-abus-memb-club.jpg 320w, https:\/\/yaqoutebio.com\/wp-content\/uploads\/2024\/10\/c2-abus-memb-club-150x159.jpg 150w\" sizes=\"auto, (max-width: 320px) 100vw, 320px\">\t\t\t\t\t<\/div>\n\n\t\t\t\t\t\t<\/div>\n\t\t\t\t<\/div>\n\t\t\t\t<\/div>\n\t\t\t\t\t<\/div>\n\t\t\t\t<\/div>\n\t\t\t\t<\/div>\n\t\t","protected":false},"excerpt":{"rendered":"<p>La esencia de la belleza natural, al alcance de su mano. Yaqoute Bio simplifica su acceso a los cuidados aut\u00e9nticos.<\/p>\n","protected":false},"author":1,"featured_media":0,"parent":0,"menu_order":0,"comment_status":"closed","ping_status":"closed","template":"","meta":{"footnotes":""},"class_list":["post-16677","page","type-page","status-publish","hentry"],"_links":{"self":[{"href":"https:\/\/yaqoutebio.com\/es\/wp-json\/wp\/v2\/pages\/16677","targetHints":{"allow":["GET"]}}],"collection":[{"href":"https:\/\/yaqoutebio.com\/es\/wp-json\/wp\/v2\/pages"}],"about":[{"href":"https:\/\/yaqoutebio.com\/es\/wp-json\/wp\/v2\/types\/page"}],"author":[{"embeddable":true,"href":"https:\/\/yaqoutebio.com\/es\/wp-json\/wp\/v2\/users\/1"}],"replies":[{"embeddable":true,"href":"https:\/\/yaqoutebio.com\/es\/wp-json\/wp\/v2\/comments?post=16677"}],"version-history":[{"count":2,"href":"https:\/\/yaqoutebio.com\/es\/wp-json\/wp\/v2\/pages\/16677\/revisions"}],"predecessor-version":[{"id":17417,"href":"https:\/\/yaqoutebio.com\/es\/wp-json\/wp\/v2\/pages\/16677\/revisions\/17417"}],"wp:attachment":[{"href":"https:\/\/yaqoutebio.com\/es\/wp-json\/wp\/v2\/media?parent=16677"}],"curies":[{"name":"wp","href":"https:\/\/api.w.org\/{rel}","templated":true}]}}