{"id":16768,"date":"2026-01-22T19:58:56","date_gmt":"2026-01-22T18:58:56","guid":{"rendered":"https:\/\/yaqoutebio.com\/shop\/sin categor\u00eda\/ghassoul-nutritivo-con-miel-mascarilla-facial-100g\/"},"modified":"2026-01-22T19:58:56","modified_gmt":"2026-01-22T18:58:56","slug":"ghassoul-nutritivo-con-miel-mascarilla-facial-100g","status":"publish","type":"product","link":"https:\/\/yaqoutebio.com\/es\/shop\/rostro\/ghassoul-nutritivo-con-miel-mascarilla-facial-100g\/","title":{"rendered":"Ghassoul nutritivo con miel \u2013 Mascarilla facial (100g)"},"content":{"rendered":"<h3>El tratamiento gourmet para piel suave y revitalizada<\/h3>\n<p>El <strong>Ghassoul de miel<\/strong> Yaqoute org\u00e1nica combina las excepcionales propiedades absorbentes de la arcilla mineral marroqu\u00ed con las propiedades altamente nutritivas y curativas de la miel. Esta mascarilla es un verdadero tesoro para la piel que busca suavidad, nutrici\u00f3n y luminosidad. <\/p>\n<h4>Sus beneficios para tu piel:<\/h4>\n<ul>\n<li><strong>Nutrir y suavizar:<\/strong> La miel hidrata y suaviza la piel para conseguir un acabado melocot\u00f3n para la piel.<\/li>\n<li><strong>Limpiador suave:<\/strong> El Ghassoul absorbe impurezas sin eliminar la pel\u00edcula hidrol\u00edpida protectora.<\/li>\n<li><strong>Sanaci\u00f3n:<\/strong> Ayuda a reparar la piel y a calmar peque\u00f1as irritaciones gracias a las propiedades de la miel.<\/li>\n<\/ul>\n<h4>Instrucciones de uso:<\/h4>\n<p>Toma una dosis de la mezcla y dil\u00fayela con un poco de agua tibia o agua de rosas hasta que consigas una pasta suave. Aplica sobre un rostro limpio, evitando la zona de los ojos. D\u00e9jalo actuar <strong>entre 10 y 15 minutos<\/strong> antes de enjuagar suavemente con agua limpia en movimientos circulares.  <\/p>\n<blockquote><p><strong>Consejo amable:<\/strong> Para prolongar el efecto calmante, roc\u00eda una niebla de agua floral despu\u00e9s de la mascarilla antes de aplicar la crema de d\u00eda o de noche.<\/p><\/blockquote>\n","protected":false},"excerpt":{"rendered":"<p>El tratamiento gourmet para piel suave y revitalizada El Ghassoul de miel Yaqoute org\u00e1nica combina las excepcionales propiedades absorbentes de<\/p>\n","protected":false},"featured_media":16769,"comment_status":"open","ping_status":"closed","template":"","meta":[],"product_brand":[],"product_cat":[102,104,103,105],"product_tag":[],"class_list":{"0":"post-16768","1":"product","2":"type-product","3":"status-publish","4":"has-post-thumbnail","6":"product_cat-rostro","7":"product_cat-hammam","8":"product_cat-mascaras-y-arcillas","9":"product_cat-rituales-y-tratamientos","11":"first","12":"instock","13":"featured","14":"shipping-taxable","15":"purchasable","16":"product-type-simple"},"_links":{"self":[{"href":"https:\/\/yaqoutebio.com\/es\/wp-json\/wp\/v2\/product\/16768","targetHints":{"allow":["GET"]}}],"collection":[{"href":"https:\/\/yaqoutebio.com\/es\/wp-json\/wp\/v2\/product"}],"about":[{"href":"https:\/\/yaqoutebio.com\/es\/wp-json\/wp\/v2\/types\/product"}],"replies":[{"embeddable":true,"href":"https:\/\/yaqoutebio.com\/es\/wp-json\/wp\/v2\/comments?post=16768"}],"version-history":[{"count":0,"href":"https:\/\/yaqoutebio.com\/es\/wp-json\/wp\/v2\/product\/16768\/revisions"}],"wp:featuredmedia":[{"embeddable":true,"href":"https:\/\/yaqoutebio.com\/es\/wp-json\/wp\/v2\/media\/16769"}],"wp:attachment":[{"href":"https:\/\/yaqoutebio.com\/es\/wp-json\/wp\/v2\/media?parent=16768"}],"wp:term":[{"taxonomy":"product_brand","embeddable":true,"href":"https:\/\/yaqoutebio.com\/es\/wp-json\/wp\/v2\/product_brand?post=16768"},{"taxonomy":"product_cat","embeddable":true,"href":"https:\/\/yaqoutebio.com\/es\/wp-json\/wp\/v2\/product_cat?post=16768"},{"taxonomy":"product_tag","embeddable":true,"href":"https:\/\/yaqoutebio.com\/es\/wp-json\/wp\/v2\/product_tag?post=16768"}],"curies":[{"name":"wp","href":"https:\/\/api.w.org\/{rel}","templated":true}]}}