{"id":16813,"date":"2026-01-22T21:59:21","date_gmt":"2026-01-22T20:59:21","guid":{"rendered":"https:\/\/yaqoutebio.com\/shop\/sin categor\u00eda\/crema-hidratante-de-argan-60ml\/"},"modified":"2026-01-22T21:59:21","modified_gmt":"2026-01-22T20:59:21","slug":"crema-hidratante-de-argan-60ml","status":"publish","type":"product","link":"https:\/\/yaqoutebio.com\/es\/shop\/carroceria\/crema-hidratante-de-argan-60ml\/","title":{"rendered":"Crema hidratante de arg\u00e1n (60ml)"},"content":{"rendered":"<h3>Hidrataci\u00f3n pura en el coraz\u00f3n del arg\u00e1n<\/h3>\n<p>La <strong>crema org\u00e1nica Yaqoute Moisturizing Argan<\/strong> es el cuidado diario esencial para mantener el equilibrio natural de tu piel. Su f\u00f3rmula ligera y derritible se absorbe r\u00e1pidamente para proporcionar una sensaci\u00f3n inmediata de confort y una protecci\u00f3n eficaz contra la sequedad de la piel. <\/p>\n<h4>Sus beneficios para tu piel:<\/h4>\n<ul>\n<li><strong>Hidrataci\u00f3n duradera:<\/strong> Sacia la sed de la epidermis y mantiene el agua en el coraz\u00f3n de las c\u00e9lulas para la piel fresca durante todo el d\u00eda.<\/li>\n<li><strong>Flexibilidad y suavidad:<\/strong> Restaura la flexibilidad de la piel tirante y deja un acabado aterciopelado sin una pel\u00edcula grasienta.<\/li>\n<li><strong>Protecci\u00f3n diaria:<\/strong> Refuerza la barrera cut\u00e1nea contra agresiones externas como la contaminaci\u00f3n o el viento.<\/li>\n<\/ul>\n<h4>Instrucciones de uso:<\/h4>\n<p>Aplica una peque\u00f1a cantidad de crema por la ma\u00f1ana y\/o por la noche en toda la cara y el cuello previamente limpiados. Masajea suavemente en movimientos circulares hasta que el tratamiento est\u00e9 completamente absorbido. Ideal como base de maquillaje.  <\/p>\n<blockquote><p><strong>El Consejo Yakut:<\/strong> Para que una piel perfectamente preparada reciba su humedad, limpia tu rostro antes con nuestro jab\u00f3n negro o con una de nuestras arcillas purificadoras.<\/p><\/blockquote>\n","protected":false},"excerpt":{"rendered":"<p>Hidrataci\u00f3n pura en el coraz\u00f3n del arg\u00e1n La crema org\u00e1nica Yaqoute Moisturizing Argan es el cuidado diario esencial para mantener<\/p>\n","protected":false},"featured_media":16815,"comment_status":"open","ping_status":"closed","template":"","meta":[],"product_brand":[],"product_cat":[108,127,132,102],"product_tag":[],"class_list":{"0":"post-16813","1":"product","2":"type-product","3":"status-publish","4":"has-post-thumbnail","6":"product_cat-carroceria","7":"product_cat-cremas-y-cuidado","8":"product_cat-leches-e-hidratacion","9":"product_cat-rostro","11":"first","12":"instock","13":"featured","14":"shipping-taxable","15":"purchasable","16":"product-type-simple"},"_links":{"self":[{"href":"https:\/\/yaqoutebio.com\/es\/wp-json\/wp\/v2\/product\/16813","targetHints":{"allow":["GET"]}}],"collection":[{"href":"https:\/\/yaqoutebio.com\/es\/wp-json\/wp\/v2\/product"}],"about":[{"href":"https:\/\/yaqoutebio.com\/es\/wp-json\/wp\/v2\/types\/product"}],"replies":[{"embeddable":true,"href":"https:\/\/yaqoutebio.com\/es\/wp-json\/wp\/v2\/comments?post=16813"}],"version-history":[{"count":0,"href":"https:\/\/yaqoutebio.com\/es\/wp-json\/wp\/v2\/product\/16813\/revisions"}],"wp:featuredmedia":[{"embeddable":true,"href":"https:\/\/yaqoutebio.com\/es\/wp-json\/wp\/v2\/media\/16815"}],"wp:attachment":[{"href":"https:\/\/yaqoutebio.com\/es\/wp-json\/wp\/v2\/media?parent=16813"}],"wp:term":[{"taxonomy":"product_brand","embeddable":true,"href":"https:\/\/yaqoutebio.com\/es\/wp-json\/wp\/v2\/product_brand?post=16813"},{"taxonomy":"product_cat","embeddable":true,"href":"https:\/\/yaqoutebio.com\/es\/wp-json\/wp\/v2\/product_cat?post=16813"},{"taxonomy":"product_tag","embeddable":true,"href":"https:\/\/yaqoutebio.com\/es\/wp-json\/wp\/v2\/product_tag?post=16813"}],"curies":[{"name":"wp","href":"https:\/\/api.w.org\/{rel}","templated":true}]}}