{"id":16818,"date":"2026-01-22T21:45:02","date_gmt":"2026-01-22T20:45:02","guid":{"rendered":"https:\/\/yaqoutebio.com\/shop\/sin categor\u00eda\/crema-tropical-con-aceite-de-argan-60ml\/"},"modified":"2026-01-22T21:45:02","modified_gmt":"2026-01-22T20:45:02","slug":"crema-tropical-con-aceite-de-argan-60ml","status":"publish","type":"product","link":"https:\/\/yaqoutebio.com\/es\/shop\/rostro\/crema-tropical-con-aceite-de-argan-60ml\/","title":{"rendered":"Crema tropical con aceite de arg\u00e1n (60ml)"},"content":{"rendered":"<h3>Un interludio ex\u00f3tico para una piel radiante<\/h3>\n<p>La Organic Yaqoute <strong>Tropical Cream con aceite de arg\u00e1n<\/strong> es una aut\u00e9ntica invitaci\u00f3n a viajar. Este tratamiento \u00fanico combina la riqueza nutricional del precioso arg\u00e1n con un c\u00f3ctel de aromas afrutados y soleados, dejando tu piel intensamente hidratada y deliciosamente impregnada de notas tropicales. <\/p>\n<h4>Sus beneficios para tu piel:<\/h4>\n<ul>\n<li><strong>Escape sensorial:<\/strong> Su fragancia ex\u00f3tica aporta una sensaci\u00f3n de frescura y bienestar inmediato, que recuerda a las fiestas y al sol.<\/li>\n<li><strong>Hidrataci\u00f3n y Resplandor:<\/strong> El aceite de arg\u00e1n nutre profundamente la piel para restaurar la vitalidad y un brillo natural a las tez apagadas.<\/li>\n<li><strong>Textura derriti\u00e9ndose:<\/strong> Se absorbe r\u00e1pido para dejar la piel suave, satinada y sin acabado graso.<\/li>\n<\/ul>\n<h4>Instrucciones de uso:<\/h4>\n<p>Aplica una peque\u00f1a cantidad de crema por la ma\u00f1ana y por la noche en la cara o en zonas secas del cuerpo. Masajea suavemente en movimientos circulares para liberar fragancias tropicales y penetrar los ingredientes activos nutritivos. Ideal para devolver comodidad a la piel tras un d\u00eda al aire libre.  <\/p>\n<blockquote><p><strong>El Consejo Yakut:<\/strong> Para un ritual completo, aplica esta crema despu\u00e9s de nuestro exfoliante facial de pinza para optimizar el resplandor de tu piel.<\/p><\/blockquote>\n","protected":false},"excerpt":{"rendered":"<p>Un interludio ex\u00f3tico para una piel radiante La Organic Yaqoute Tropical Cream con aceite de arg\u00e1n es una aut\u00e9ntica invitaci\u00f3n<\/p>\n","protected":false},"featured_media":16822,"comment_status":"open","ping_status":"closed","template":"","meta":[],"product_brand":[],"product_cat":[102,108,127,132],"product_tag":[],"class_list":{"0":"post-16818","1":"product","2":"type-product","3":"status-publish","4":"has-post-thumbnail","6":"product_cat-rostro","7":"product_cat-carroceria","8":"product_cat-cremas-y-cuidado","9":"product_cat-leches-e-hidratacion","11":"first","12":"instock","13":"shipping-taxable","14":"purchasable","15":"product-type-simple"},"_links":{"self":[{"href":"https:\/\/yaqoutebio.com\/es\/wp-json\/wp\/v2\/product\/16818","targetHints":{"allow":["GET"]}}],"collection":[{"href":"https:\/\/yaqoutebio.com\/es\/wp-json\/wp\/v2\/product"}],"about":[{"href":"https:\/\/yaqoutebio.com\/es\/wp-json\/wp\/v2\/types\/product"}],"replies":[{"embeddable":true,"href":"https:\/\/yaqoutebio.com\/es\/wp-json\/wp\/v2\/comments?post=16818"}],"version-history":[{"count":0,"href":"https:\/\/yaqoutebio.com\/es\/wp-json\/wp\/v2\/product\/16818\/revisions"}],"wp:featuredmedia":[{"embeddable":true,"href":"https:\/\/yaqoutebio.com\/es\/wp-json\/wp\/v2\/media\/16822"}],"wp:attachment":[{"href":"https:\/\/yaqoutebio.com\/es\/wp-json\/wp\/v2\/media?parent=16818"}],"wp:term":[{"taxonomy":"product_brand","embeddable":true,"href":"https:\/\/yaqoutebio.com\/es\/wp-json\/wp\/v2\/product_brand?post=16818"},{"taxonomy":"product_cat","embeddable":true,"href":"https:\/\/yaqoutebio.com\/es\/wp-json\/wp\/v2\/product_cat?post=16818"},{"taxonomy":"product_tag","embeddable":true,"href":"https:\/\/yaqoutebio.com\/es\/wp-json\/wp\/v2\/product_tag?post=16818"}],"curies":[{"name":"wp","href":"https:\/\/api.w.org\/{rel}","templated":true}]}}