{"id":16828,"date":"2026-01-22T21:43:18","date_gmt":"2026-01-22T20:43:18","guid":{"rendered":"https:\/\/yaqoutebio.com\/shop\/sin categor\u00eda\/crema-de-argan-y-aloe-vera-60ml\/"},"modified":"2026-01-22T21:43:18","modified_gmt":"2026-01-22T20:43:18","slug":"crema-de-argan-y-aloe-vera-60ml","status":"publish","type":"product","link":"https:\/\/yaqoutebio.com\/es\/shop\/rostro\/crema-de-argan-y-aloe-vera-60ml\/","title":{"rendered":"Crema de arg\u00e1n y aloe vera (60ml)"},"content":{"rendered":"<h3>La combinaci\u00f3n que sacia la sed para una piel llena de vida<\/h3>\n<p>La <strong>crema de arg\u00e1n y aloe vera<\/strong> de Yaqoute Bio es el tratamiento ideal para la piel que busca hidrataci\u00f3n intensa y sensaci\u00f3n de ligereza. Este d\u00fao excepcional combina la riqueza nutricional del aceite de arg\u00e1n con las propiedades ultra hidratantes y curativas del aloe vera para un cutis fresco y una piel visiblemente rellena. <\/p>\n<h4>Sus beneficios para tu rostro:<\/h4>\n<ul>\n<li><strong>Hidrataci\u00f3n profunda:<\/strong> El aloe vera penetra r\u00e1pidamente para llenar las c\u00e9lulas de agua, mientras que el arg\u00e1n sella esta humedad.<\/li>\n<li><strong>Calmar y reparar:<\/strong> Ideal para calmar irritaciones, enrojecimiento y sensaci\u00f3n de rigidez tras la exposici\u00f3n al sol o al viento.<\/li>\n<li><strong>Efecto de frescura:<\/strong> Su textura fluida proporciona alivio inmediato y deja la piel suave, flexible y revitalizada.<\/li>\n<\/ul>\n<h4>Instrucciones de uso:<\/h4>\n<p>Aplica por la ma\u00f1ana y por la tarde en toda la cara y cuello perfectamente limpios. Masajea suavemente para que los ingredientes activos penetren. Su penetraci\u00f3n r\u00e1pida lo hace perfecto para ma\u00f1anas ajetreadas o como base protectora antes del maquillaje.  <\/p>\n<blockquote><p><strong>El Consejo Yakut:<\/strong> Para un efecto refrescante diez veces mayor en verano, guarda tu tarro de nata en la nevera. Apl\u00edcalo despu\u00e9s de limpiarlo con agua de rosas para una piel sana y luminosa. <\/p><\/blockquote>\n","protected":false},"excerpt":{"rendered":"<p>La combinaci\u00f3n que sacia la sed para una piel llena de vida La crema de arg\u00e1n y aloe vera de<\/p>\n","protected":false},"featured_media":16830,"comment_status":"open","ping_status":"closed","template":"","meta":[],"product_brand":[],"product_cat":[102,127,128],"product_tag":[],"class_list":{"0":"post-16828","1":"product","2":"type-product","3":"status-publish","4":"has-post-thumbnail","6":"product_cat-rostro","7":"product_cat-cremas-y-cuidado","8":"product_cat-soluciones","10":"first","11":"instock","12":"shipping-taxable","13":"purchasable","14":"product-type-simple"},"_links":{"self":[{"href":"https:\/\/yaqoutebio.com\/es\/wp-json\/wp\/v2\/product\/16828","targetHints":{"allow":["GET"]}}],"collection":[{"href":"https:\/\/yaqoutebio.com\/es\/wp-json\/wp\/v2\/product"}],"about":[{"href":"https:\/\/yaqoutebio.com\/es\/wp-json\/wp\/v2\/types\/product"}],"replies":[{"embeddable":true,"href":"https:\/\/yaqoutebio.com\/es\/wp-json\/wp\/v2\/comments?post=16828"}],"version-history":[{"count":0,"href":"https:\/\/yaqoutebio.com\/es\/wp-json\/wp\/v2\/product\/16828\/revisions"}],"wp:featuredmedia":[{"embeddable":true,"href":"https:\/\/yaqoutebio.com\/es\/wp-json\/wp\/v2\/media\/16830"}],"wp:attachment":[{"href":"https:\/\/yaqoutebio.com\/es\/wp-json\/wp\/v2\/media?parent=16828"}],"wp:term":[{"taxonomy":"product_brand","embeddable":true,"href":"https:\/\/yaqoutebio.com\/es\/wp-json\/wp\/v2\/product_brand?post=16828"},{"taxonomy":"product_cat","embeddable":true,"href":"https:\/\/yaqoutebio.com\/es\/wp-json\/wp\/v2\/product_cat?post=16828"},{"taxonomy":"product_tag","embeddable":true,"href":"https:\/\/yaqoutebio.com\/es\/wp-json\/wp\/v2\/product_tag?post=16828"}],"curies":[{"name":"wp","href":"https:\/\/api.w.org\/{rel}","templated":true}]}}