{"id":16831,"date":"2026-01-22T21:33:58","date_gmt":"2026-01-22T20:33:58","guid":{"rendered":"https:\/\/yaqoutebio.com\/shop\/sin categor\u00eda\/crema-de-argan-con-esencia-de-lavanda-60ml\/"},"modified":"2026-01-22T21:33:58","modified_gmt":"2026-01-22T20:33:58","slug":"crema-de-argan-con-esencia-de-lavanda-60ml","status":"publish","type":"product","link":"https:\/\/yaqoutebio.com\/es\/shop\/rostro\/crema-de-argan-con-esencia-de-lavanda-60ml\/","title":{"rendered":"Crema de arg\u00e1n con esencia de lavanda (60ml)"},"content":{"rendered":"<h3>Serenidad y reparaci\u00f3n para la piel calmada<\/h3>\n<p>La <strong>crema de arg\u00e1n con esencia de lavanda<\/strong> de Yaqoute Bio es un verdadero b\u00e1lsamo de suavidad para pieles cansadas, estresadas o propensas al enrojecimiento. Combina las propiedades regeneradoras del valioso aceite de arg\u00e1n con las propiedades calmantes y antis\u00e9pticas de la lavanda para ofrecer un momento de intensa relajaci\u00f3n a tu piel. <\/p>\n<h4>Sus beneficios para tu rostro:<\/h4>\n<ul>\n<li><strong>Relajante:<\/strong> Calma instant\u00e1neamente las sensaciones de sobrecalentamiento e irritaciones de la piel.<\/li>\n<li><strong>Restaurativo:<\/strong> Promueve la regeneraci\u00f3n de tejidos y ayuda a curar peque\u00f1as imperfecciones.<\/li>\n<li><strong>Relajante:<\/strong> Su aroma natural a lavanda ayuda a liberar tensiones y proporciona una sensaci\u00f3n general de bienestar.<\/li>\n<\/ul>\n<h4>Instrucciones de uso:<\/h4>\n<p>Aplica una peque\u00f1a cantidad de crema por la ma\u00f1ana y por la noche en toda la cara y cuello perfectamente limpios. Masajea suavemente con movimientos circulares. Especialmente recomendable por la tarde, su fragancia arom\u00e1tica tambi\u00e9n prepara para un sue\u00f1o reparador.  <\/p>\n<blockquote><p><strong>Consejos de bienestar:<\/strong> Para un ritual de relajaci\u00f3n completo, aplica esta crema despu\u00e9s de un tratamiento Honey Ghassoul para una piel perfectamente nutrida y calmada.<\/p><\/blockquote>\n","protected":false},"excerpt":{"rendered":"<p>Serenidad y reparaci\u00f3n para la piel calmada La crema de arg\u00e1n con esencia de lavanda de Yaqoute Bio es un<\/p>\n","protected":false},"featured_media":16834,"comment_status":"open","ping_status":"closed","template":"","meta":[],"product_brand":[],"product_cat":[102,127,128],"product_tag":[],"class_list":{"0":"post-16831","1":"product","2":"type-product","3":"status-publish","4":"has-post-thumbnail","6":"product_cat-rostro","7":"product_cat-cremas-y-cuidado","8":"product_cat-soluciones","10":"first","11":"instock","12":"shipping-taxable","13":"purchasable","14":"product-type-simple"},"_links":{"self":[{"href":"https:\/\/yaqoutebio.com\/es\/wp-json\/wp\/v2\/product\/16831","targetHints":{"allow":["GET"]}}],"collection":[{"href":"https:\/\/yaqoutebio.com\/es\/wp-json\/wp\/v2\/product"}],"about":[{"href":"https:\/\/yaqoutebio.com\/es\/wp-json\/wp\/v2\/types\/product"}],"replies":[{"embeddable":true,"href":"https:\/\/yaqoutebio.com\/es\/wp-json\/wp\/v2\/comments?post=16831"}],"version-history":[{"count":0,"href":"https:\/\/yaqoutebio.com\/es\/wp-json\/wp\/v2\/product\/16831\/revisions"}],"wp:featuredmedia":[{"embeddable":true,"href":"https:\/\/yaqoutebio.com\/es\/wp-json\/wp\/v2\/media\/16834"}],"wp:attachment":[{"href":"https:\/\/yaqoutebio.com\/es\/wp-json\/wp\/v2\/media?parent=16831"}],"wp:term":[{"taxonomy":"product_brand","embeddable":true,"href":"https:\/\/yaqoutebio.com\/es\/wp-json\/wp\/v2\/product_brand?post=16831"},{"taxonomy":"product_cat","embeddable":true,"href":"https:\/\/yaqoutebio.com\/es\/wp-json\/wp\/v2\/product_cat?post=16831"},{"taxonomy":"product_tag","embeddable":true,"href":"https:\/\/yaqoutebio.com\/es\/wp-json\/wp\/v2\/product_tag?post=16831"}],"curies":[{"name":"wp","href":"https:\/\/api.w.org\/{rel}","templated":true}]}}