{"id":16859,"date":"2026-01-22T20:12:57","date_gmt":"2026-01-22T19:12:57","guid":{"rendered":"https:\/\/yaqoutebio.com\/shop\/sin categor\u00eda\/balsamo-labial-nutritivo-argan-y-miel-13g\/"},"modified":"2026-01-22T20:12:57","modified_gmt":"2026-01-22T19:12:57","slug":"balsamo-labial-nutritivo-argan-y-miel-13g","status":"publish","type":"product","link":"https:\/\/yaqoutebio.com\/es\/shop\/labios\/balsamo-labial-nutritivo-argan-y-miel-13g\/","title":{"rendered":"B\u00e1lsamo labial nutritivo \u2013 Arg\u00e1n y miel (13g)"},"content":{"rendered":"<h3>La preciosa combinaci\u00f3n de arg\u00e1n y miel para tu sonrisa<\/h3>\n<p>Este <strong>b\u00e1lsamo labial nutritivo<\/strong> es un verdadero concentrado de suavidad para los labios m\u00e1s secos. Al combinar las propiedades regeneradoras del precioso aceite de arg\u00e1n con las propiedades curativas de la miel, este tratamiento ofrece una respuesta completa para reparar, proteger y realzar tu sonrisa a diario. <\/p>\n<h4>Sus beneficios para tus labios:<\/h4>\n<ul>\n<li><strong>Nutrici\u00f3n intensa:<\/strong> El aceite de arg\u00e1n aporta \u00e1cidos grasos esenciales para regenerar la piel fina y fr\u00e1gil de los labios.<\/li>\n<li><strong>Reparaci\u00f3n y curaci\u00f3n:<\/strong> La miel ayuda a aliviar la tensi\u00f3n, y favorece la reparaci\u00f3n de peque\u00f1as grietas.<\/li>\n<li><strong>Protecci\u00f3n duradera:<\/strong> Deposita una pel\u00edcula protectora blanda que combate las agresiones clim\u00e1ticas (fr\u00edo, viento, sol).<\/li>\n<\/ul>\n<h4>Instrucciones de uso:<\/h4>\n<p>Aplica generosamente en los labios a cualquier hora del d\u00eda, cuando sea necesario. Para un tratamiento reparador intenso, aplica una capa gruesa por la noche antes de acostarte para dejar los ingredientes activos durante la noche. <\/p>\n<blockquote><p><strong>Propina:<\/strong> Para la m\u00e1xima absorci\u00f3n de ingredientes activos nutritivos, utiliza nuestro exfoliante labial de argan, az\u00facar y amapola una vez a la semana para eliminar peque\u00f1as c\u00e9lulas muertas de la piel.<\/p><\/blockquote>\n","protected":false},"excerpt":{"rendered":"<p>La preciosa combinaci\u00f3n de arg\u00e1n y miel para tu sonrisa Este b\u00e1lsamo labial nutritivo es un verdadero concentrado de suavidad<\/p>\n","protected":false},"featured_media":16861,"comment_status":"open","ping_status":"closed","template":"","meta":[],"product_brand":[],"product_cat":[135,127,102],"product_tag":[],"class_list":{"0":"post-16859","1":"product","2":"type-product","3":"status-publish","4":"has-post-thumbnail","6":"product_cat-labios","7":"product_cat-cremas-y-cuidado","8":"product_cat-rostro","10":"first","11":"instock","12":"featured","13":"shipping-taxable","14":"purchasable","15":"product-type-simple"},"_links":{"self":[{"href":"https:\/\/yaqoutebio.com\/es\/wp-json\/wp\/v2\/product\/16859","targetHints":{"allow":["GET"]}}],"collection":[{"href":"https:\/\/yaqoutebio.com\/es\/wp-json\/wp\/v2\/product"}],"about":[{"href":"https:\/\/yaqoutebio.com\/es\/wp-json\/wp\/v2\/types\/product"}],"replies":[{"embeddable":true,"href":"https:\/\/yaqoutebio.com\/es\/wp-json\/wp\/v2\/comments?post=16859"}],"version-history":[{"count":0,"href":"https:\/\/yaqoutebio.com\/es\/wp-json\/wp\/v2\/product\/16859\/revisions"}],"wp:featuredmedia":[{"embeddable":true,"href":"https:\/\/yaqoutebio.com\/es\/wp-json\/wp\/v2\/media\/16861"}],"wp:attachment":[{"href":"https:\/\/yaqoutebio.com\/es\/wp-json\/wp\/v2\/media?parent=16859"}],"wp:term":[{"taxonomy":"product_brand","embeddable":true,"href":"https:\/\/yaqoutebio.com\/es\/wp-json\/wp\/v2\/product_brand?post=16859"},{"taxonomy":"product_cat","embeddable":true,"href":"https:\/\/yaqoutebio.com\/es\/wp-json\/wp\/v2\/product_cat?post=16859"},{"taxonomy":"product_tag","embeddable":true,"href":"https:\/\/yaqoutebio.com\/es\/wp-json\/wp\/v2\/product_tag?post=16859"}],"curies":[{"name":"wp","href":"https:\/\/api.w.org\/{rel}","templated":true}]}}