{"id":16871,"date":"2026-01-22T20:10:59","date_gmt":"2026-01-22T19:10:59","guid":{"rendered":"https:\/\/yaqoutebio.com\/shop\/sin categor\u00eda\/exfoliante-de-labios-argan-azucar-y-amapola-20g\/"},"modified":"2026-01-22T20:10:59","modified_gmt":"2026-01-22T19:10:59","slug":"exfoliante-de-labios-argan-azucar-y-amapola-20g","status":"publish","type":"product","link":"https:\/\/yaqoutebio.com\/es\/shop\/labios\/exfoliante-de-labios-argan-azucar-y-amapola-20g\/","title":{"rendered":"Exfoliante de labios \u2013 Argan, Az\u00facar y amapola (20g)"},"content":{"rendered":"<h3>El secreto de una sonrisa radiante y unos labios aterciopelados<\/h3>\n<p>El <strong>exfoliante de labios de arg\u00e1n y amapola<\/strong> de Yaqoute Bio es el tratamiento ideal para recuperar unos labios suaves y carnosos. Combinando el poder exfoliante del az\u00facar con la riqueza del aceite de arg\u00e1n, elimina las c\u00e9lulas muertas de la piel mientras proporciona una hidrataci\u00f3n intensa. El toque del polvo de amapola (Akar Fassi) realza tus labios con un irresistible brillo natural rosado.  <\/p>\n<h4>Sus beneficios para tus labios:<\/h4>\n<ul>\n<li><strong>Exfoliaci\u00f3n suave:<\/strong> Los granos de az\u00facar eliminan suavemente las impurezas y las peque\u00f1as pieles secas.<\/li>\n<li><strong>Nutrici\u00f3n intensa:<\/strong> El aceite de arg\u00e1n repara y suaviza para un confort inmediato.<\/li>\n<li><strong>Efecto de brillo saludable:<\/strong> El polvo de amapola revive el color natural de tus labios para un final \u00ablabios mordidos\u00bb.<\/li>\n<\/ul>\n<h4>Instrucciones de uso:<\/h4>\n<p>Coge una peque\u00f1a cantidad de exfoliante con el dedo. Aplica en los labios secos o ligeramente h\u00famedos y haz movimientos circulares ligeros durante un minuto. Enjuaga con agua tibia o limpia suavemente con un algod\u00f3n h\u00famedo.  <\/p>\n<blockquote><p><strong>Consejo de belleza:<\/strong> Para obtener resultados \u00f3ptimos, aplica uno de nuestros b\u00e1lsamos labiales Yaqoute Org\u00e1nicos inmediatamente despu\u00e9s de frotar para sellar la humedad y proteger tu sonrisa.<\/p><\/blockquote>\n","protected":false},"excerpt":{"rendered":"<p>El secreto de una sonrisa radiante y unos labios aterciopelados El exfoliante de labios de arg\u00e1n y amapola de Yaqoute<\/p>\n","protected":false},"featured_media":16873,"comment_status":"open","ping_status":"closed","template":"","meta":[],"product_brand":[],"product_cat":[135,138,102],"product_tag":[],"class_list":{"0":"post-16871","1":"product","2":"type-product","3":"status-publish","4":"has-post-thumbnail","6":"product_cat-labios","7":"product_cat-limpiadores","8":"product_cat-rostro","10":"first","11":"instock","12":"shipping-taxable","13":"purchasable","14":"product-type-simple"},"_links":{"self":[{"href":"https:\/\/yaqoutebio.com\/es\/wp-json\/wp\/v2\/product\/16871","targetHints":{"allow":["GET"]}}],"collection":[{"href":"https:\/\/yaqoutebio.com\/es\/wp-json\/wp\/v2\/product"}],"about":[{"href":"https:\/\/yaqoutebio.com\/es\/wp-json\/wp\/v2\/types\/product"}],"replies":[{"embeddable":true,"href":"https:\/\/yaqoutebio.com\/es\/wp-json\/wp\/v2\/comments?post=16871"}],"version-history":[{"count":0,"href":"https:\/\/yaqoutebio.com\/es\/wp-json\/wp\/v2\/product\/16871\/revisions"}],"wp:featuredmedia":[{"embeddable":true,"href":"https:\/\/yaqoutebio.com\/es\/wp-json\/wp\/v2\/media\/16873"}],"wp:attachment":[{"href":"https:\/\/yaqoutebio.com\/es\/wp-json\/wp\/v2\/media?parent=16871"}],"wp:term":[{"taxonomy":"product_brand","embeddable":true,"href":"https:\/\/yaqoutebio.com\/es\/wp-json\/wp\/v2\/product_brand?post=16871"},{"taxonomy":"product_cat","embeddable":true,"href":"https:\/\/yaqoutebio.com\/es\/wp-json\/wp\/v2\/product_cat?post=16871"},{"taxonomy":"product_tag","embeddable":true,"href":"https:\/\/yaqoutebio.com\/es\/wp-json\/wp\/v2\/product_tag?post=16871"}],"curies":[{"name":"wp","href":"https:\/\/api.w.org\/{rel}","templated":true}]}}