{"id":16879,"date":"2026-01-22T20:07:39","date_gmt":"2026-01-22T19:07:39","guid":{"rendered":"https:\/\/yaqoutebio.com\/shop\/sin categor\u00eda\/balsamo-labial-frutas-rojas-13g\/"},"modified":"2026-01-22T20:07:39","modified_gmt":"2026-01-22T19:07:39","slug":"balsamo-labial-frutas-rojas-13g","status":"publish","type":"product","link":"https:\/\/yaqoutebio.com\/es\/shop\/labios\/balsamo-labial-frutas-rojas-13g\/","title":{"rendered":"B\u00e1lsamo labial \u2013 Frutas Rojas (13g)"},"content":{"rendered":"<h3>El tratamiento indulgente para labios suaves y protegidos<\/h3>\n<p>El <strong>b\u00e1lsamo labial de fruta roja Yaqoute<\/strong> es un verdadero concentrado de suavidad para tu sonrisa. Formulado para proporcionar una protecci\u00f3n duradera, envuelve tus labios en un velo protector mientras deja un delicado aroma afrutado y una sensaci\u00f3n inmediata de confort. <\/p>\n<h4>Sus beneficios para tus labios:<\/h4>\n<ul>\n<li><strong>Hidrataci\u00f3n intensa:<\/strong> Nutre los labios secos y agrietados en profundidad gracias a las virtudes del arg\u00e1n.<\/li>\n<li><strong>Protecci\u00f3n duradera:<\/strong> Forma una barrera eficaz contra agresiones externas (fr\u00edo, viento, sequ\u00eda).<\/li>\n<li><strong>Fragancia Gourmand:<\/strong> Deja un irresistible rastro de frutos rojos para un placer renovado en cada aplicaci\u00f3n.<\/li>\n<\/ul>\n<h4>Instrucciones de uso:<\/h4>\n<p>Aplica generosamente en los labios tantas veces como sea necesario a lo largo del d\u00eda. En invierno o en tiempo seco, c\u00e9ntrate en las zonas m\u00e1s fr\u00e1giles para evitar las agrietaciones. <\/p>\n<blockquote><p><strong>Consejo de belleza:<\/strong> Para un resultado a\u00fan m\u00e1s suave, utiliza nuestro exfoliante labial antes de aplicar el b\u00e1lsamo para eliminar peque\u00f1as c\u00e9lulas muertas de la piel y favorecer la absorci\u00f3n del tratamiento.<\/p><\/blockquote>\n","protected":false},"excerpt":{"rendered":"<p>El tratamiento indulgente para labios suaves y protegidos El b\u00e1lsamo labial de fruta roja Yaqoute es un verdadero concentrado de<\/p>\n","protected":false},"featured_media":16880,"comment_status":"open","ping_status":"closed","template":"","meta":[],"product_brand":[],"product_cat":[135,127,102],"product_tag":[],"class_list":{"0":"post-16879","1":"product","2":"type-product","3":"status-publish","4":"has-post-thumbnail","6":"product_cat-labios","7":"product_cat-cremas-y-cuidado","8":"product_cat-rostro","10":"first","11":"instock","12":"shipping-taxable","13":"purchasable","14":"product-type-simple"},"_links":{"self":[{"href":"https:\/\/yaqoutebio.com\/es\/wp-json\/wp\/v2\/product\/16879","targetHints":{"allow":["GET"]}}],"collection":[{"href":"https:\/\/yaqoutebio.com\/es\/wp-json\/wp\/v2\/product"}],"about":[{"href":"https:\/\/yaqoutebio.com\/es\/wp-json\/wp\/v2\/types\/product"}],"replies":[{"embeddable":true,"href":"https:\/\/yaqoutebio.com\/es\/wp-json\/wp\/v2\/comments?post=16879"}],"version-history":[{"count":0,"href":"https:\/\/yaqoutebio.com\/es\/wp-json\/wp\/v2\/product\/16879\/revisions"}],"wp:featuredmedia":[{"embeddable":true,"href":"https:\/\/yaqoutebio.com\/es\/wp-json\/wp\/v2\/media\/16880"}],"wp:attachment":[{"href":"https:\/\/yaqoutebio.com\/es\/wp-json\/wp\/v2\/media?parent=16879"}],"wp:term":[{"taxonomy":"product_brand","embeddable":true,"href":"https:\/\/yaqoutebio.com\/es\/wp-json\/wp\/v2\/product_brand?post=16879"},{"taxonomy":"product_cat","embeddable":true,"href":"https:\/\/yaqoutebio.com\/es\/wp-json\/wp\/v2\/product_cat?post=16879"},{"taxonomy":"product_tag","embeddable":true,"href":"https:\/\/yaqoutebio.com\/es\/wp-json\/wp\/v2\/product_tag?post=16879"}],"curies":[{"name":"wp","href":"https:\/\/api.w.org\/{rel}","templated":true}]}}