{"id":16909,"date":"2026-01-23T21:20:24","date_gmt":"2026-01-23T20:20:24","guid":{"rendered":"https:\/\/yaqoutebio.com\/shop\/sin categor\u00eda\/locion-corporal-con-argan-y-aceite-de-rosa-100ml\/"},"modified":"2026-01-23T21:20:24","modified_gmt":"2026-01-23T20:20:24","slug":"locion-corporal-con-argan-y-aceite-de-rosa-100ml","status":"publish","type":"product","link":"https:\/\/yaqoutebio.com\/es\/shop\/carroceria\/leches-e-hidratacion\/locion-corporal-con-argan-y-aceite-de-rosa-100ml\/","title":{"rendered":"Loci\u00f3n corporal con arg\u00e1n y aceite de rosa (100ml)"},"content":{"rendered":"<h3>La quintessencia de la belleza marroqu\u00ed en la leche de seda<\/h3>\n<p>El aceite <strong>org\u00e1nico de arg\u00e1n y rosa<\/strong> Yaqoute es un homenaje a los rituales tradicionales de cuidado de la piel. Esta leche l\u00edquida combina la acci\u00f3n regenerativa del precioso arg\u00e1n con las propiedades tonificantes y calmantes de la rosa. Su textura aireada envuelve tu cuerpo en un velo de suavidad, dejando tu piel intensamente hidratada, flexible y delicadamente perfumada con notas florales refinadas.  <\/p>\n<h4>Sus beneficios para tu cuerpo:<\/h4>\n<ul>\n<li><strong>Resplandor y vitalidad:<\/strong> Rose ayuda a firmar los tejidos de la piel y restaura la luminosidad de la piel cansada.<\/li>\n<li><strong>Nutrici\u00f3n intensa:<\/strong> Rico en vitamina E, el aceite de arg\u00e1n repara la piel y previene el envejecimiento de la piel.<\/li>\n<li><strong>Relajaci\u00f3n inmediata:<\/strong> Calma la sensaci\u00f3n de sobrecalentamiento y proporciona un confort duradero durante todo el d\u00eda.<\/li>\n<\/ul>\n<h4>Instrucciones de uso:<\/h4>\n<p>Apl\u00edcalo diariamente en todo el cuerpo, idealmente despu\u00e9s de ducharte sobre la piel que a\u00fan est\u00e1 ligeramente h\u00fameda. Masajea en movimientos circulares desde los tobillos hasta la cintura para estimular la circulaci\u00f3n sangu\u00ednea. Su penetraci\u00f3n r\u00e1pida te permite vestirte sin esperar.  <\/p>\n<blockquote><p><strong>El consejo de los yakuts:<\/strong> Para una piel a\u00fan m\u00e1s receptiva, usa esta leche despu\u00e9s de purificar tu cuerpo con nuestro jab\u00f3n Rose Black para una experiencia olfativa y sensorial completa.<\/p><\/blockquote>\n","protected":false},"excerpt":{"rendered":"<p>La quintessencia de la belleza marroqu\u00ed en la leche de seda El aceite org\u00e1nico de arg\u00e1n y rosa Yaqoute es<\/p>\n","protected":false},"featured_media":16911,"comment_status":"open","ping_status":"closed","template":"","meta":[],"product_brand":[],"product_cat":[132,108],"product_tag":[],"class_list":{"0":"post-16909","1":"product","2":"type-product","3":"status-publish","4":"has-post-thumbnail","6":"product_cat-leches-e-hidratacion","7":"product_cat-carroceria","9":"first","10":"instock","11":"featured","12":"shipping-taxable","13":"purchasable","14":"product-type-simple"},"_links":{"self":[{"href":"https:\/\/yaqoutebio.com\/es\/wp-json\/wp\/v2\/product\/16909","targetHints":{"allow":["GET"]}}],"collection":[{"href":"https:\/\/yaqoutebio.com\/es\/wp-json\/wp\/v2\/product"}],"about":[{"href":"https:\/\/yaqoutebio.com\/es\/wp-json\/wp\/v2\/types\/product"}],"replies":[{"embeddable":true,"href":"https:\/\/yaqoutebio.com\/es\/wp-json\/wp\/v2\/comments?post=16909"}],"version-history":[{"count":0,"href":"https:\/\/yaqoutebio.com\/es\/wp-json\/wp\/v2\/product\/16909\/revisions"}],"wp:featuredmedia":[{"embeddable":true,"href":"https:\/\/yaqoutebio.com\/es\/wp-json\/wp\/v2\/media\/16911"}],"wp:attachment":[{"href":"https:\/\/yaqoutebio.com\/es\/wp-json\/wp\/v2\/media?parent=16909"}],"wp:term":[{"taxonomy":"product_brand","embeddable":true,"href":"https:\/\/yaqoutebio.com\/es\/wp-json\/wp\/v2\/product_brand?post=16909"},{"taxonomy":"product_cat","embeddable":true,"href":"https:\/\/yaqoutebio.com\/es\/wp-json\/wp\/v2\/product_cat?post=16909"},{"taxonomy":"product_tag","embeddable":true,"href":"https:\/\/yaqoutebio.com\/es\/wp-json\/wp\/v2\/product_tag?post=16909"}],"curies":[{"name":"wp","href":"https:\/\/api.w.org\/{rel}","templated":true}]}}