{"id":16922,"date":"2026-01-23T21:19:02","date_gmt":"2026-01-23T20:19:02","guid":{"rendered":"https:\/\/yaqoutebio.com\/shop\/sin categor\u00eda\/leche-de-argan-hidratante-leche-corporal-de-almizcle-100ml\/"},"modified":"2026-01-23T21:19:02","modified_gmt":"2026-01-23T20:19:02","slug":"leche-de-argan-hidratante-leche-corporal-de-almizcle-100ml","status":"publish","type":"product","link":"https:\/\/yaqoutebio.com\/es\/shop\/carroceria\/leches-e-hidratacion\/leche-de-argan-hidratante-leche-corporal-de-almizcle-100ml\/","title":{"rendered":"Leche de arg\u00e1n hidratante \u2013 Leche corporal de almizcle (100ml)"},"content":{"rendered":"<h3>La elegancia de un tratamiento precioso para piel sublimada<\/h3>\n<p>La <strong>leche<\/strong> hidratante de arg\u00e1n de almizcle Yaqoute es una caricia real para tu cuerpo. Esta leche cremosa combina la riqueza restauradora del aceite de arg\u00e1n con las notas puras y sofisticadas del almizcle blanco. Ofrece una experiencia sensorial \u00fanica, dejando tu piel intensamente nutrida, flexible y adornada con un rastro irresistiblemente suave.  <\/p>\n<h4>Sus beneficios para tu cuerpo:<\/h4>\n<ul>\n<li><strong>Hidrataci\u00f3n duradera:<\/strong> Penetra las capas de la epidermis para restaurar la elasticidad y prevenir la sequedad de la piel.<\/li>\n<li><strong>Sendero Hechizante:<\/strong> El almizcle blanco deja una marca olfativa refinada que te acompa\u00f1a durante todo el d\u00eda.<\/li>\n<li><strong>Acabado satinado:<\/strong> Su textura ligera deja la piel sedosa y suave, sin ning\u00fan efecto pegajoso, permitiendo un aderezo inmediato.<\/li>\n<\/ul>\n<h4>Instrucciones de uso:<\/h4>\n<p>Apl\u00edcalo diariamente sobre la piel limpia y seca, preferiblemente despu\u00e9s de ba\u00f1arse o ducharse. Masajea todo el cuerpo con movimientos circulares ascendentes, centr\u00e1ndote en las zonas m\u00e1s secas (codos, rodillas, talones). Para mantener la fragancia durante mucho tiempo, aplica la leche sobre la piel que a\u00fan est\u00e9 ligeramente h\u00fameda.  <\/p>\n<blockquote><p><strong>El consejo de los yakuts:<\/strong> Para un ritual completo de cuidado de la piel, usa esta leche despu\u00e9s de un guante Kessa y un exfoliante Black Soap para maximizar la absorci\u00f3n de los ingredientes activos y el resplandor de tu piel.<\/p><\/blockquote>\n","protected":false},"excerpt":{"rendered":"<p>La elegancia de un tratamiento precioso para piel sublimada La leche hidratante de arg\u00e1n de almizcle Yaqoute es una caricia<\/p>\n","protected":false},"featured_media":16924,"comment_status":"open","ping_status":"closed","template":"","meta":[],"product_brand":[],"product_cat":[132,108],"product_tag":[],"class_list":{"0":"post-16922","1":"product","2":"type-product","3":"status-publish","4":"has-post-thumbnail","6":"product_cat-leches-e-hidratacion","7":"product_cat-carroceria","9":"first","10":"instock","11":"shipping-taxable","12":"purchasable","13":"product-type-simple"},"_links":{"self":[{"href":"https:\/\/yaqoutebio.com\/es\/wp-json\/wp\/v2\/product\/16922","targetHints":{"allow":["GET"]}}],"collection":[{"href":"https:\/\/yaqoutebio.com\/es\/wp-json\/wp\/v2\/product"}],"about":[{"href":"https:\/\/yaqoutebio.com\/es\/wp-json\/wp\/v2\/types\/product"}],"replies":[{"embeddable":true,"href":"https:\/\/yaqoutebio.com\/es\/wp-json\/wp\/v2\/comments?post=16922"}],"version-history":[{"count":0,"href":"https:\/\/yaqoutebio.com\/es\/wp-json\/wp\/v2\/product\/16922\/revisions"}],"wp:featuredmedia":[{"embeddable":true,"href":"https:\/\/yaqoutebio.com\/es\/wp-json\/wp\/v2\/media\/16924"}],"wp:attachment":[{"href":"https:\/\/yaqoutebio.com\/es\/wp-json\/wp\/v2\/media?parent=16922"}],"wp:term":[{"taxonomy":"product_brand","embeddable":true,"href":"https:\/\/yaqoutebio.com\/es\/wp-json\/wp\/v2\/product_brand?post=16922"},{"taxonomy":"product_cat","embeddable":true,"href":"https:\/\/yaqoutebio.com\/es\/wp-json\/wp\/v2\/product_cat?post=16922"},{"taxonomy":"product_tag","embeddable":true,"href":"https:\/\/yaqoutebio.com\/es\/wp-json\/wp\/v2\/product_tag?post=16922"}],"curies":[{"name":"wp","href":"https:\/\/api.w.org\/{rel}","templated":true}]}}