{"id":16928,"date":"2026-01-22T22:07:29","date_gmt":"2026-01-22T21:07:29","guid":{"rendered":"https:\/\/yaqoutebio.com\/shop\/sin categor\u00eda\/crema-anti-eczema-de-argan-60ml\/"},"modified":"2026-01-22T22:07:29","modified_gmt":"2026-01-22T21:07:29","slug":"crema-anti-eczema-de-argan-60ml","status":"publish","type":"product","link":"https:\/\/yaqoutebio.com\/es\/shop\/soluciones\/crema-anti-eczema-de-argan-60ml\/","title":{"rendered":"Crema anti-eczema de arg\u00e1n (60ml)"},"content":{"rendered":"<h3>Un b\u00e1lsamo reconfortante para la piel m\u00e1s fr\u00e1gil<\/h3>\n<p>La <strong>crema de arg\u00e1n anti-eczema<\/strong> de Yaqoute Bio est\u00e1 dise\u00f1ada espec\u00edficamente para proporcionar una respuesta natural a la piel seca y reactiva propensa a brotes de eczema. Su f\u00f3rmula protectora ayuda a restaurar la pel\u00edcula hidrol\u00edpida de la piel mientras calma instant\u00e1neamente las sensaciones de fuego y malestar. <\/p>\n<h4>Sus beneficios para tu piel:<\/h4>\n<ul>\n<li><strong>Relajaci\u00f3n intensa:<\/strong> Calma el picor y la irritaci\u00f3n para alivio inmediato.<\/li>\n<li><strong>Reparaci\u00f3n alta:<\/strong> El aceite de arganana ayuda a regenerar las zonas da\u00f1adas y a reducir la apariencia del enrojecimiento.<\/li>\n<li><strong>Hidrataci\u00f3n protectora:<\/strong> Deposita una barrera aislante que protege la epidermis de agresiones externas y deshidrataci\u00f3n.<\/li>\n<\/ul>\n<h4>Instrucciones de uso:<\/h4>\n<p>Aplica suavemente una peque\u00f1a cantidad de crema en zonas secas o irritadas de la cara o el cuerpo. Masajea muy suavemente para que el tratamiento penetre sin atacar la piel. Reaplica dos o tres veces al d\u00eda, o tan pronto como se note la tensi\u00f3n.  <\/p>\n<blockquote><p><strong>El Consejo Yakut:<\/strong> Para una rutina ultra suave, seca suavemente la piel con una toalla de algod\u00f3n despu\u00e9s del ba\u00f1o, sin frotar, antes de aplicar tu crema anti-eczema.<\/p><\/blockquote>\n","protected":false},"excerpt":{"rendered":"<p>Un b\u00e1lsamo reconfortante para la piel m\u00e1s fr\u00e1gil La crema de arg\u00e1n anti-eczema de Yaqoute Bio est\u00e1 dise\u00f1ada espec\u00edficamente para<\/p>\n","protected":false},"featured_media":16931,"comment_status":"open","ping_status":"closed","template":"","meta":[],"product_brand":[],"product_cat":[128],"product_tag":[],"class_list":{"0":"post-16928","1":"product","2":"type-product","3":"status-publish","4":"has-post-thumbnail","6":"product_cat-soluciones","8":"first","9":"instock","10":"shipping-taxable","11":"purchasable","12":"product-type-simple"},"_links":{"self":[{"href":"https:\/\/yaqoutebio.com\/es\/wp-json\/wp\/v2\/product\/16928","targetHints":{"allow":["GET"]}}],"collection":[{"href":"https:\/\/yaqoutebio.com\/es\/wp-json\/wp\/v2\/product"}],"about":[{"href":"https:\/\/yaqoutebio.com\/es\/wp-json\/wp\/v2\/types\/product"}],"replies":[{"embeddable":true,"href":"https:\/\/yaqoutebio.com\/es\/wp-json\/wp\/v2\/comments?post=16928"}],"version-history":[{"count":0,"href":"https:\/\/yaqoutebio.com\/es\/wp-json\/wp\/v2\/product\/16928\/revisions"}],"wp:featuredmedia":[{"embeddable":true,"href":"https:\/\/yaqoutebio.com\/es\/wp-json\/wp\/v2\/media\/16931"}],"wp:attachment":[{"href":"https:\/\/yaqoutebio.com\/es\/wp-json\/wp\/v2\/media?parent=16928"}],"wp:term":[{"taxonomy":"product_brand","embeddable":true,"href":"https:\/\/yaqoutebio.com\/es\/wp-json\/wp\/v2\/product_brand?post=16928"},{"taxonomy":"product_cat","embeddable":true,"href":"https:\/\/yaqoutebio.com\/es\/wp-json\/wp\/v2\/product_cat?post=16928"},{"taxonomy":"product_tag","embeddable":true,"href":"https:\/\/yaqoutebio.com\/es\/wp-json\/wp\/v2\/product_tag?post=16928"}],"curies":[{"name":"wp","href":"https:\/\/api.w.org\/{rel}","templated":true}]}}