{"id":16946,"date":"2026-01-23T22:38:59","date_gmt":"2026-01-23T21:38:59","guid":{"rendered":"https:\/\/yaqoutebio.com\/shop\/sin categor\u00eda\/suave-exfoliante-facial-con-semillas-de-nopal-60g\/"},"modified":"2026-01-23T22:38:59","modified_gmt":"2026-01-23T21:38:59","slug":"suave-exfoliante-facial-con-semillas-de-nopal-60g","status":"publish","type":"product","link":"https:\/\/yaqoutebio.com\/es\/shop\/rostro\/mascaras-y-arcillas\/suave-exfoliante-facial-con-semillas-de-nopal-60g\/","title":{"rendered":"Suave exfoliante facial con semillas de nopal (60g)"},"content":{"rendered":"<h3>El secreto para un cutis radiante y una textura refinada<\/h3>\n<p>El <strong>Esfoliante Facial Suave con Semillas de Nopal<\/strong> de Yaqoute Bio es un tratamiento exfoliante excepcional. Utilizando la finura de semillas de nopal trituradas, este exfoliante ofrece una exfoliaci\u00f3n mec\u00e1nica suave pero eficaz, eliminando impurezas y c\u00e9lulas muertas para revelar su brillo natural. <\/p>\n<h4>Sus beneficios para tu rostro:<\/h4>\n<ul>\n<li><strong>Exfoliaci\u00f3n precisa:<\/strong> Las semillas de tupa alisan la textura de la piel y desobstruyen los poros sin irritar los tejidos.<\/li>\n<li><strong>Acci\u00f3n antienvejecimiento:<\/strong> Naturalmente rica en vitamina E, la nopal ayuda a combatir los radicales libres durante el tratamiento.<\/li>\n<li><strong>Brillo inmediato:<\/strong> Estimula la microcirculaci\u00f3n de la piel para lograr un aspecto m\u00e1s fresco y brillante al instante.<\/li>\n<\/ul>\n<h4>Instrucciones de uso:<\/h4>\n<p>Una o dos veces por semana, aplica una peque\u00f1a cantidad de exfoliante en tu cara limpia y ligeramente h\u00fameda. Masajea suavemente con peque\u00f1os movimientos circulares, evitando la zona de los ojos. Conc\u00e9ntrate en la zona T (frente, nariz, barbilla) y luego enjuaga bien con agua tibia.  <\/p>\n<blockquote><p><strong>El Consejo Yakut:<\/strong> Para un resultado profesional, aplica este exfoliante justo despu\u00e9s de usar nuestro gel limpiador suave de argan. Una vez que tu piel haya sido exfoliada, estar\u00e1 perfectamente lista para absorber los ingredientes activos de tu crema hidratante de arg\u00e1n. <\/p><\/blockquote>\n","protected":false},"excerpt":{"rendered":"<p>El secreto para un cutis radiante y una textura refinada El Esfoliante Facial Suave con Semillas de Nopal de Yaqoute<\/p>\n","protected":false},"featured_media":16947,"comment_status":"open","ping_status":"closed","template":"","meta":[],"product_brand":[],"product_cat":[103,102],"product_tag":[],"class_list":{"0":"post-16946","1":"product","2":"type-product","3":"status-publish","4":"has-post-thumbnail","6":"product_cat-mascaras-y-arcillas","7":"product_cat-rostro","9":"first","10":"instock","11":"featured","12":"shipping-taxable","13":"purchasable","14":"product-type-simple"},"_links":{"self":[{"href":"https:\/\/yaqoutebio.com\/es\/wp-json\/wp\/v2\/product\/16946","targetHints":{"allow":["GET"]}}],"collection":[{"href":"https:\/\/yaqoutebio.com\/es\/wp-json\/wp\/v2\/product"}],"about":[{"href":"https:\/\/yaqoutebio.com\/es\/wp-json\/wp\/v2\/types\/product"}],"replies":[{"embeddable":true,"href":"https:\/\/yaqoutebio.com\/es\/wp-json\/wp\/v2\/comments?post=16946"}],"version-history":[{"count":0,"href":"https:\/\/yaqoutebio.com\/es\/wp-json\/wp\/v2\/product\/16946\/revisions"}],"wp:featuredmedia":[{"embeddable":true,"href":"https:\/\/yaqoutebio.com\/es\/wp-json\/wp\/v2\/media\/16947"}],"wp:attachment":[{"href":"https:\/\/yaqoutebio.com\/es\/wp-json\/wp\/v2\/media?parent=16946"}],"wp:term":[{"taxonomy":"product_brand","embeddable":true,"href":"https:\/\/yaqoutebio.com\/es\/wp-json\/wp\/v2\/product_brand?post=16946"},{"taxonomy":"product_cat","embeddable":true,"href":"https:\/\/yaqoutebio.com\/es\/wp-json\/wp\/v2\/product_cat?post=16946"},{"taxonomy":"product_tag","embeddable":true,"href":"https:\/\/yaqoutebio.com\/es\/wp-json\/wp\/v2\/product_tag?post=16946"}],"curies":[{"name":"wp","href":"https:\/\/api.w.org\/{rel}","templated":true}]}}