{"id":16950,"date":"2026-01-23T21:45:30","date_gmt":"2026-01-23T20:45:30","guid":{"rendered":"https:\/\/yaqoutebio.com\/shop\/sin categor\u00eda\/champu-reparador-organico-con-aceite-de-argan-y-vainilla-100ml\/"},"modified":"2026-01-23T21:45:30","modified_gmt":"2026-01-23T20:45:30","slug":"champu-reparador-organico-con-aceite-de-argan-y-vainilla-100ml","status":"publish","type":"product","link":"https:\/\/yaqoutebio.com\/es\/shop\/cabello\/champus\/champu-reparador-organico-con-aceite-de-argan-y-vainilla-100ml\/","title":{"rendered":"Champ\u00fa reparador org\u00e1nico con aceite de arg\u00e1n y vainilla (100ml)"},"content":{"rendered":"<h3>Un tratamiento gourmet para devolverle vida a tu cabello<\/h3>\n<p>El <strong>champ\u00fa Organic Repair con aceite de arg\u00e1n y<\/strong> vainilla Yaqoute org\u00e1nica es un verdadero remedio suave para el pelo cansado. Este champ\u00fa combina la excepcional riqueza del oro l\u00edquido de Marruecos con las propiedades suavizantes de la vainilla para reparar la fibra capilar en profundidad, dejando un aroma deliciosamente dulce y cautivador. <\/p>\n<h4>Sus beneficios para tu cabello:<\/h4>\n<ul>\n<li><strong>Reparaci\u00f3n intensa:<\/strong> El aceite de arg\u00e1n org\u00e1nico penetra en el coraz\u00f3n de la fibra para rellenar huecos y fortalecer el cabello quebradizo.<\/li>\n<li><strong>Suavidad y brillo:<\/strong> El extracto de vainilla ayuda a suavizar las escamas, proporcionando una suavidad incre\u00edble y un brillo natural inmediato.<\/li>\n<li><strong>Fragancia Hechizo:<\/strong> Deja un rastro delicioso y relajante en tu pelo que dura todo el d\u00eda.<\/li>\n<\/ul>\n<h4>Instrucciones de uso:<\/h4>\n<p>Aplica una peque\u00f1a cantidad de champ\u00fa en el pelo mojado. Masajea suavemente el cuero cabelludo y las largas para hacer espuma. D\u00e9jalo actuar un minuto para que los ingredientes activos org\u00e1nicos penetren y luego enjuaga bien. Su f\u00f3rmula natural respeta el cabello m\u00e1s fr\u00e1gil y es adecuada para su uso habitual.   <\/p>\n<blockquote><p><strong>El Consejo Yakut:<\/strong> Para una reparaci\u00f3n completa, aplica nuestro Pure Argan Oil en las puntas secas despu\u00e9s de secarlo o \u00fasalo como mascarilla antes de lavar con champ\u00fa para un tratamiento a\u00fan m\u00e1s nutritivo.<\/p><\/blockquote>\n","protected":false},"excerpt":{"rendered":"<p>Un tratamiento gourmet para devolverle vida a tu cabello El champ\u00fa Organic Repair con aceite de arg\u00e1n y vainilla Yaqoute<\/p>\n","protected":false},"featured_media":16951,"comment_status":"open","ping_status":"closed","template":"","meta":[],"product_brand":[],"product_cat":[145,120],"product_tag":[],"class_list":{"0":"post-16950","1":"product","2":"type-product","3":"status-publish","4":"has-post-thumbnail","6":"product_cat-champus","7":"product_cat-cabello","9":"first","10":"instock","11":"shipping-taxable","12":"purchasable","13":"product-type-simple"},"_links":{"self":[{"href":"https:\/\/yaqoutebio.com\/es\/wp-json\/wp\/v2\/product\/16950","targetHints":{"allow":["GET"]}}],"collection":[{"href":"https:\/\/yaqoutebio.com\/es\/wp-json\/wp\/v2\/product"}],"about":[{"href":"https:\/\/yaqoutebio.com\/es\/wp-json\/wp\/v2\/types\/product"}],"replies":[{"embeddable":true,"href":"https:\/\/yaqoutebio.com\/es\/wp-json\/wp\/v2\/comments?post=16950"}],"version-history":[{"count":0,"href":"https:\/\/yaqoutebio.com\/es\/wp-json\/wp\/v2\/product\/16950\/revisions"}],"wp:featuredmedia":[{"embeddable":true,"href":"https:\/\/yaqoutebio.com\/es\/wp-json\/wp\/v2\/media\/16951"}],"wp:attachment":[{"href":"https:\/\/yaqoutebio.com\/es\/wp-json\/wp\/v2\/media?parent=16950"}],"wp:term":[{"taxonomy":"product_brand","embeddable":true,"href":"https:\/\/yaqoutebio.com\/es\/wp-json\/wp\/v2\/product_brand?post=16950"},{"taxonomy":"product_cat","embeddable":true,"href":"https:\/\/yaqoutebio.com\/es\/wp-json\/wp\/v2\/product_cat?post=16950"},{"taxonomy":"product_tag","embeddable":true,"href":"https:\/\/yaqoutebio.com\/es\/wp-json\/wp\/v2\/product_tag?post=16950"}],"curies":[{"name":"wp","href":"https:\/\/api.w.org\/{rel}","templated":true}]}}