{"id":17007,"date":"2024-01-23T22:49:33","date_gmt":"2024-01-23T21:49:33","guid":{"rendered":"https:\/\/yaqoutebio.com\/shop\/sin%20categor\u00eda\/aceite-de-argan-cosmetico-100-natural-y-puro\/"},"modified":"2026-02-03T14:20:49","modified_gmt":"2026-02-03T13:20:49","slug":"aceite-de-argan-cosmetico-100-natural-y-puro","status":"publish","type":"product","link":"https:\/\/yaqoutebio.com\/es\/shop\/rostro\/cremas-y-cuidado\/aceite-de-argan-cosmetico-100-natural-y-puro\/","title":{"rendered":"Aceite de arg\u00e1n cosm\u00e9tico 100% natural y puro"},"content":{"rendered":"<h3>La esencia de la belleza marroqu\u00ed en un tratamiento puro y precioso<\/h3>\n<p>El <strong>aceite de arg\u00e1n cosm\u00e9tico<\/strong> Yaqoute ecol\u00f3gico es un verdadero tesoro de la naturaleza, 100% puro y extra\u00eddo mediante prensado en fr\u00edo para conservar todos sus ingredientes activos. Rico en vitamina E y \u00e1cidos grasos esenciales (Omega 6 y 9), este aceite \u00abmultifuncional\u00bb es el aliado esencial de tu rutina de belleza para nutrir, proteger y regenerar tu piel y cabello. <\/p>\n<h4>Un tratamiento completo para la belleza general:<\/h4>\n<ul>\n<li><strong>Para la cara:<\/strong> Un potente antienvejecimiento natural, ayuda a firmar la piel, suavizar las arrugas y restaurar la elasticidad, proporcionando una hidrataci\u00f3n profunda.<\/li>\n<li><strong>Para el cuerpo:<\/strong> Suaviza instant\u00e1neamente la epidermis, previene la sequedad y ayuda a reducir la apariencia de estr\u00edas y cicatrices.<\/li>\n<li><strong>Para el pelo:<\/strong> Un verdadero s\u00e9rum para brillar, repara las puntas secas, fortalece la fibra del cabello y restaura la vitalidad del cabello opaco.<\/li>\n<\/ul>\n<h4>Instrucciones de uso:<\/h4>\n<p><strong>Cara y cuerpo:<\/strong> Aplica unas gotas sobre la piel limpia, preferiblemente por la noche. Masajea suavemente en c\u00edrculos hasta que se absorba completamente. <\/p>\n<p><strong>Cabello:<\/strong> \u00dasalo como ba\u00f1o de aceite antes de lavar (d\u00e9jalo actuar durante 30 minutos) o aplica una gota en las puntas secas despu\u00e9s de peinar para un acabado brillante.<\/p>\n<blockquote><p><strong>El consejo de los yakuts:<\/strong> Para una absorci\u00f3n a\u00fan m\u00e1s r\u00e1pida en la cara, aplica el aceite sobre la piel ligeramente h\u00fameda (despu\u00e9s de rociar nuestra Agua de Rosas). Esto crea una emulsi\u00f3n que se absorbe al instante sin dejar una pel\u00edcula grasienta. <\/p><\/blockquote>\n","protected":false},"excerpt":{"rendered":"<p>La esencia de la belleza marroqu\u00ed en un tratamiento puro y precioso El aceite de arg\u00e1n cosm\u00e9tico Yaqoute ecol\u00f3gico es<\/p>\n","protected":false},"featured_media":17011,"comment_status":"open","ping_status":"closed","template":"","meta":[],"product_brand":[55],"product_cat":[127,147,120,108,121,102],"product_tag":[],"class_list":{"0":"post-17007","1":"product","2":"type-product","3":"status-publish","4":"has-post-thumbnail","6":"product_brand-yaqoute-bio","7":"product_cat-cremas-y-cuidado","8":"product_cat-aceites-sublimadores","9":"product_cat-cabello","10":"product_cat-carroceria","11":"product_cat-cuidado-del-cabello","12":"product_cat-rostro","14":"first","15":"instock","16":"featured","17":"shipping-taxable","18":"purchasable","19":"product-type-variable"},"_links":{"self":[{"href":"https:\/\/yaqoutebio.com\/es\/wp-json\/wp\/v2\/product\/17007","targetHints":{"allow":["GET"]}}],"collection":[{"href":"https:\/\/yaqoutebio.com\/es\/wp-json\/wp\/v2\/product"}],"about":[{"href":"https:\/\/yaqoutebio.com\/es\/wp-json\/wp\/v2\/types\/product"}],"replies":[{"embeddable":true,"href":"https:\/\/yaqoutebio.com\/es\/wp-json\/wp\/v2\/comments?post=17007"}],"version-history":[{"count":0,"href":"https:\/\/yaqoutebio.com\/es\/wp-json\/wp\/v2\/product\/17007\/revisions"}],"wp:featuredmedia":[{"embeddable":true,"href":"https:\/\/yaqoutebio.com\/es\/wp-json\/wp\/v2\/media\/17011"}],"wp:attachment":[{"href":"https:\/\/yaqoutebio.com\/es\/wp-json\/wp\/v2\/media?parent=17007"}],"wp:term":[{"taxonomy":"product_brand","embeddable":true,"href":"https:\/\/yaqoutebio.com\/es\/wp-json\/wp\/v2\/product_brand?post=17007"},{"taxonomy":"product_cat","embeddable":true,"href":"https:\/\/yaqoutebio.com\/es\/wp-json\/wp\/v2\/product_cat?post=17007"},{"taxonomy":"product_tag","embeddable":true,"href":"https:\/\/yaqoutebio.com\/es\/wp-json\/wp\/v2\/product_tag?post=17007"}],"curies":[{"name":"wp","href":"https:\/\/api.w.org\/{rel}","templated":true}]}}