{"id":17028,"date":"2026-01-23T21:34:07","date_gmt":"2026-01-23T20:34:07","guid":{"rendered":"https:\/\/yaqoutebio.com\/shop\/sin categor\u00eda\/jabon-negro-basado-en-argan-con-rosa-100g\/"},"modified":"2026-01-23T21:34:07","modified_gmt":"2026-01-23T20:34:07","slug":"jabon-negro-basado-en-argan-con-rosa-100g","status":"publish","type":"product","link":"https:\/\/yaqoutebio.com\/es\/shop\/hammam\/jabones-negros\/jabon-negro-basado-en-argan-con-rosa-100g\/","title":{"rendered":"Jab\u00f3n negro basado en arg\u00e1n con rosa (100g)"},"content":{"rendered":"<h3>La elegancia de la rosa en el coraz\u00f3n del ritual de purificaci\u00f3n<\/h3>\n<p>El <strong>jab\u00f3n org\u00e1nico de arg\u00e1n y rosa<\/strong> negra de Yaqoute transforma tu exfoliante en una experiencia de cuidado de la piel realmente refinada. Este jab\u00f3n vegetal tradicional, enriquecido con aceite de arg\u00e1n, combina la eficacia de una limpieza profunda con las propiedades tonificantes y el aroma cautivador de la rosa damasco. Deja la piel perfectamente limpia, incre\u00edblemente suave y con un aroma delicado.  <\/p>\n<h4>Sus beneficios para tu ritual:<\/h4>\n<ul>\n<li><strong>Exfoliaci\u00f3n tonificante:<\/strong> Prepara suavemente la piel para una exfoliaci\u00f3n efectiva mientras estimula la vitalidad de la epidermis.<\/li>\n<li><strong>Tratamiento Radiance:<\/strong> La rosa ayuda a revivir el resplandor natural de la piel para lograr un acabado luminoso tras la exfoliaci\u00f3n.<\/li>\n<li><strong>Regeneraci\u00f3n de la Nutrici\u00f3n:<\/strong> El aceite de arg\u00e1n protege la piel de la sequedad y favorece la renovaci\u00f3n celular.<\/li>\n<\/ul>\n<h4>Instrucciones de uso:<\/h4>\n<p>En la piel h\u00fameda y caliente (ducha o ba\u00f1o), aplica el jab\u00f3n negro por todo el cuerpo. D\u00e9jalo actuar <strong>entre 5 y 10 minutos<\/strong> para que el jab\u00f3n suavice la piel muerta. Enjuaga bien con agua tibia y luego usa un guante Kessa para exfoliar. Utiliza movimientos circulares para liberar la piel de impurezas.   <\/p>\n<blockquote><p><strong>El consejo de belleza:<\/strong> Para un ritual completo, roc\u00eda nuestra Agua de Rosas sobre tu cuerpo tras la exfoliaci\u00f3n para tensar los poros y calmar la piel, y luego aplica nuestra Leche Corporal de Arg\u00e1n &amp; Rosa.<\/p><\/blockquote>\n","protected":false},"excerpt":{"rendered":"<p>La elegancia de la rosa en el coraz\u00f3n del ritual de purificaci\u00f3n El jab\u00f3n org\u00e1nico de arg\u00e1n y rosa negra<\/p>\n","protected":false},"featured_media":17030,"comment_status":"open","ping_status":"closed","template":"","meta":[],"product_brand":[],"product_cat":[144,104,105],"product_tag":[],"class_list":{"0":"post-17028","1":"product","2":"type-product","3":"status-publish","4":"has-post-thumbnail","6":"product_cat-jabones-negros","7":"product_cat-hammam","8":"product_cat-rituales-y-tratamientos","10":"first","11":"instock","12":"shipping-taxable","13":"purchasable","14":"product-type-simple"},"_links":{"self":[{"href":"https:\/\/yaqoutebio.com\/es\/wp-json\/wp\/v2\/product\/17028","targetHints":{"allow":["GET"]}}],"collection":[{"href":"https:\/\/yaqoutebio.com\/es\/wp-json\/wp\/v2\/product"}],"about":[{"href":"https:\/\/yaqoutebio.com\/es\/wp-json\/wp\/v2\/types\/product"}],"replies":[{"embeddable":true,"href":"https:\/\/yaqoutebio.com\/es\/wp-json\/wp\/v2\/comments?post=17028"}],"version-history":[{"count":0,"href":"https:\/\/yaqoutebio.com\/es\/wp-json\/wp\/v2\/product\/17028\/revisions"}],"wp:featuredmedia":[{"embeddable":true,"href":"https:\/\/yaqoutebio.com\/es\/wp-json\/wp\/v2\/media\/17030"}],"wp:attachment":[{"href":"https:\/\/yaqoutebio.com\/es\/wp-json\/wp\/v2\/media?parent=17028"}],"wp:term":[{"taxonomy":"product_brand","embeddable":true,"href":"https:\/\/yaqoutebio.com\/es\/wp-json\/wp\/v2\/product_brand?post=17028"},{"taxonomy":"product_cat","embeddable":true,"href":"https:\/\/yaqoutebio.com\/es\/wp-json\/wp\/v2\/product_cat?post=17028"},{"taxonomy":"product_tag","embeddable":true,"href":"https:\/\/yaqoutebio.com\/es\/wp-json\/wp\/v2\/product_tag?post=17028"}],"curies":[{"name":"wp","href":"https:\/\/api.w.org\/{rel}","templated":true}]}}